{"id":96,"date":"2011-09-28T06:17:56","date_gmt":"2011-09-28T13:17:56","guid":{"rendered":"http:\/\/www.lalawinternational.com\/?page_id=96"},"modified":"2022-05-06T12:26:07","modified_gmt":"2022-05-06T19:26:07","slug":"serge-lewisch-attorney","status":"publish","type":"page","link":"https:\/\/frenchcounsel.com\/index.php\/serge-lewisch-attorney\/","title":{"rendered":"Serge Lewisch, Attorney in Paris"},"content":{"rendered":"<p style=\"text-align: left;\" align=\"center\"><span style=\"color: #000000;\"><strong>SERGE LEWISCH<\/strong><\/span><br \/>\nAvocat\u00a0\u00e0 la Cour<br \/>\n<strong><a href=\"mailto:lewisch@frenchcounsel.com\">lewisch@frenchcounsel.com<\/a><\/strong><\/p>\n<p><em><a href=\"http:\/\/www.avocatsinternationaux.com\/index.php\/serge-lewisch-2\/\">Lire cette page en fran\u00e7ais<\/a><\/em><\/p>\n<p>Serge Lewisch, of counsel, has been an attorney and a member of the Bar of Paris since 1981. He holds two Master\u2019s Degrees, in Economy and in Private Law (<i>Ma\u00eetrise d\u2019\u00e9conomie, Ma\u00eetrise en Droit Priv\u00e9<\/i>) from the University of Paris I-Panth\u00e9on-Sorbonne. He also received a Master&#8217;s Degree in Political Science (<i>Dipl\u00f4me d\u2019Etudes Approfondies de Sciences Politiques<\/i>) and the equivalent of a United States LL.M. in International Law (<i>Dipl\u00f4me d\u2019Etudes Approfondies en Droit International Public<\/i>), also from the University of Paris I-Panth\u00e9on-Sorbonne.<\/p>\n<p>He specializes in media law, international law and white-collar criminal defense. His clients include fashion stylist Kenzo Takada, as well as writers F\u00e9lix Guattari, Gilles Deleuze, Philippe Muray and Zo\u00e9 Valdes.<\/p>\n<p>He handled various cases that attracted international attention. In particular, he represented the family of the former Minister of State Charles Hernu, falsely accused by the French press of having been a KGB agent for ten years\u00a0during the cold war.<\/p>\n<p>Serge Lewisch filed on behalf of Il\u00e9ana de la Guardia, daughter of a political opposition leader executed by the Castro r\u00e9gime, and other such victims, three criminal complaints against Fidel Castro, then President of Cuba, for crimes against humanity, widespread and systematic use of torture, and international drug trafficking. These proceedings drew international attention to the most sinister aspects of the Castro r\u00e9gime.<\/p>\n<p>He also represented victims of General Augusto Pinochet during the latter&#8217;s house arrest in London.<\/p>\n<p>Serge Lewisch was also the attorney for Nelson Castellano Hernandez,<b> <\/b>former Consul of Venezuela in France, and filed a complaint against the convicted terrorist Ilich Ram\u00edrez Sanchez, better know as<b> <\/b>Carlos, for death threats. Nelson Castellano Hernandez has become a leader of the Venezuelan opposition to the r\u00e9gime of Presidents Chavez and Maduro.<\/p>\n<p><b>\u00a0<\/b>Serge Lewisch defended Nguyen Thi Thanh Van, a French journalist arrested in November 2007 while she attended a meeting in Ho Chi Min City to promote non-violent opposition in Vietnam. She was accused of having &#8220;repeatedly written articles containing false information destined to undermine the Vietnamese State,&#8221; which carried a life sentence. No Vietnamese defense attorney would take her case. In December 2007, with the help of Reporters Without Borders, Serge Lewisch secured her release and safe return to France.<\/p>\n<p>Serge Lewisch has also represented the estate of the painter Berthe Morisot, sister-in-law to Edouard Manet, in a lawsuit against the Academy of Fine Arts (<i>Acad\u00e9mie des Beaux-Arts)<\/i>. The case concerns the mysterious disappearance of dozens of masterpieces. Some of the missing paintings have been recovered in Switzerland, but three Manets, <i>The Caf\u00e9-Concert Singer<\/i>, <i>Portrait of Madame Manet Senior<\/i>, and <i>Garden At Bellevue<\/i>, as well as Camille Corot&#8217;s\u00a0<i>Gypsy Girl Daydreaming<\/i>, have never been seen again. A new <em>coup de th\u00e9\u00e2tre<\/em> occurred in late 2010: during a search of the safes of the Wildenstein Institute, the sleuths of the Central Office Against Cultural Assets Trafficking discovered another of the missing paintings, Berthe Morisot&#8217;s\u00a0<i>Thatched Cottage In Normandy<\/i>. One of the proceedings was settled in 2001 with the Academy of Fine Arts. A new criminal investigation is pending.<\/p>\n<p>Serge Lewisch has taught media law and risk management at the University of Paris X-Nanterre.<\/p>\n","protected":false},"excerpt":{"rendered":"<p>SERGE LEWISCH Avocat\u00a0\u00e0 la Cour lewisch@frenchcounsel.com Lire cette page en fran\u00e7ais Serge Lewisch, of counsel, has been an attorney and a member of the Bar of Paris since 1981. He holds two Master\u2019s Degrees, in Economy and in Private Law (Ma\u00eetrise d\u2019\u00e9conomie, Ma\u00eetrise en Droit Priv\u00e9) from the University of Paris I-Panth\u00e9on-Sorbonne. He also received <a href='https:\/\/frenchcounsel.com\/index.php\/serge-lewisch-attorney\/' class='excerpt-more'>[&#8230;]<\/a><\/p>\n","protected":false},"author":3,"featured_media":965,"parent":0,"menu_order":3,"comment_status":"closed","ping_status":"closed","template":"","meta":{"_monsterinsights_skip_tracking":false,"_monsterinsights_sitenote_active":false,"_monsterinsights_sitenote_note":"","_monsterinsights_sitenote_category":0},"yoast_head":"<!-- This site is optimized with the Yoast SEO plugin v20.3 - https:\/\/yoast.com\/wordpress\/plugins\/seo\/ -->\n<title>Serge Lewisch, Attorney in Paris - Catherine Parker Law<\/title>\n<meta name=\"description\" content=\"Serge Lewisch attorney correspondent in Paris Catherine Parker Law\" \/>\n<meta name=\"robots\" content=\"index, follow, max-snippet:-1, max-image-preview:large, max-video-preview:-1\" \/>\n<link rel=\"canonical\" href=\"https:\/\/frenchcounsel.com\/index.php\/serge-lewisch-attorney\/\" \/>\n<meta property=\"og:locale\" content=\"en_US\" \/>\n<meta property=\"og:type\" content=\"article\" \/>\n<meta property=\"og:title\" content=\"Serge Lewisch, Attorney in Paris - Catherine Parker Law\" \/>\n<meta property=\"og:description\" content=\"Serge Lewisch attorney correspondent in Paris Catherine Parker Law\" \/>\n<meta property=\"og:url\" content=\"https:\/\/frenchcounsel.com\/index.php\/serge-lewisch-attorney\/\" \/>\n<meta property=\"og:site_name\" content=\"Catherine Parker Law\" \/>\n<meta property=\"article:modified_time\" content=\"2022-05-06T19:26:07+00:00\" \/>\n<meta property=\"og:image\" content=\"https:\/\/mlfivfpnfmdn.i.optimole.com\/w:auto\/h:auto\/q:mauto\/https:\/\/frenchcounsel.com\/wp-content\/uploads\/2011\/09\/Serge-Lewisch4-e1558298955949.jpg\" \/>\n\t<meta property=\"og:image:width\" content=\"787\" \/>\n\t<meta property=\"og:image:height\" content=\"1017\" \/>\n\t<meta property=\"og:image:type\" content=\"image\/jpeg\" \/>\n<meta name=\"twitter:label1\" content=\"Est. reading time\" \/>\n\t<meta name=\"twitter:data1\" content=\"3 minutes\" \/>\n<script type=\"application\/ld+json\" class=\"yoast-schema-graph\">{\"@context\":\"https:\/\/schema.org\",\"@graph\":[{\"@type\":\"WebPage\",\"@id\":\"https:\/\/frenchcounsel.com\/index.php\/serge-lewisch-attorney\/\",\"url\":\"https:\/\/frenchcounsel.com\/index.php\/serge-lewisch-attorney\/\",\"name\":\"Serge Lewisch, Attorney in Paris - Catherine Parker Law\",\"isPartOf\":{\"@id\":\"https:\/\/frenchcounsel.com\/#website\"},\"datePublished\":\"2011-09-28T13:17:56+00:00\",\"dateModified\":\"2022-05-06T19:26:07+00:00\",\"description\":\"Serge Lewisch attorney correspondent in Paris Catherine Parker Law\",\"breadcrumb\":{\"@id\":\"https:\/\/frenchcounsel.com\/index.php\/serge-lewisch-attorney\/#breadcrumb\"},\"inLanguage\":\"en-US\",\"potentialAction\":[{\"@type\":\"ReadAction\",\"target\":[\"https:\/\/frenchcounsel.com\/index.php\/serge-lewisch-attorney\/\"]}]},{\"@type\":\"BreadcrumbList\",\"@id\":\"https:\/\/frenchcounsel.com\/index.php\/serge-lewisch-attorney\/#breadcrumb\",\"itemListElement\":[{\"@type\":\"ListItem\",\"position\":1,\"name\":\"Home\",\"item\":\"https:\/\/frenchcounsel.com\/\"},{\"@type\":\"ListItem\",\"position\":2,\"name\":\"Serge Lewisch, Attorney in Paris\"}]},{\"@type\":\"WebSite\",\"@id\":\"https:\/\/frenchcounsel.com\/#website\",\"url\":\"https:\/\/frenchcounsel.com\/\",\"name\":\"Catherine Parker Law\",\"description\":\"LOS ANGELES - PARIS\",\"publisher\":{\"@id\":\"https:\/\/frenchcounsel.com\/#organization\"},\"potentialAction\":[{\"@type\":\"SearchAction\",\"target\":{\"@type\":\"EntryPoint\",\"urlTemplate\":\"https:\/\/frenchcounsel.com\/?s={search_term_string}\"},\"query-input\":\"required name=search_term_string\"}],\"inLanguage\":\"en-US\"},{\"@type\":\"Organization\",\"@id\":\"https:\/\/frenchcounsel.com\/#organization\",\"name\":\"CATHERINE PARKER LAW\",\"url\":\"https:\/\/frenchcounsel.com\/\",\"logo\":{\"@type\":\"ImageObject\",\"inLanguage\":\"en-US\",\"@id\":\"https:\/\/frenchcounsel.com\/#\/schema\/logo\/image\/\",\"url\":\"https:\/\/mlfivfpnfmdn.i.optimole.com\/w:auto\/h:auto\/q:mauto\/https:\/\/frenchcounsel.com\/wp-content\/uploads\/2018\/07\/image.png\",\"contentUrl\":\"https:\/\/mlfivfpnfmdn.i.optimole.com\/w:auto\/h:auto\/q:mauto\/https:\/\/frenchcounsel.com\/wp-content\/uploads\/2018\/07\/image.png\",\"width\":32,\"height\":32,\"caption\":\"CATHERINE PARKER LAW\"},\"image\":{\"@id\":\"https:\/\/frenchcounsel.com\/#\/schema\/logo\/image\/\"},\"sameAs\":[\"https:\/\/www.linkedin.com\/in\/catherine-parker-a061a842\/\"]}]}<\/script>\n<!-- \/ Yoast SEO plugin. -->","yoast_head_json":{"title":"Serge Lewisch, Attorney in Paris - Catherine Parker Law","description":"Serge Lewisch attorney correspondent in Paris Catherine Parker Law","robots":{"index":"index","follow":"follow","max-snippet":"max-snippet:-1","max-image-preview":"max-image-preview:large","max-video-preview":"max-video-preview:-1"},"canonical":"https:\/\/frenchcounsel.com\/index.php\/serge-lewisch-attorney\/","og_locale":"en_US","og_type":"article","og_title":"Serge Lewisch, Attorney in Paris - Catherine Parker Law","og_description":"Serge Lewisch attorney correspondent in Paris Catherine Parker Law","og_url":"https:\/\/frenchcounsel.com\/index.php\/serge-lewisch-attorney\/","og_site_name":"Catherine Parker Law","article_modified_time":"2022-05-06T19:26:07+00:00","og_image":[{"width":787,"height":1017,"url":"https:\/\/mlfivfpnfmdn.i.optimole.com\/w:auto\/h:auto\/q:mauto\/https:\/\/frenchcounsel.com\/wp-content\/uploads\/2011\/09\/Serge-Lewisch4-e1558298955949.jpg","type":"image\/jpeg"}],"twitter_misc":{"Est. reading time":"3 minutes"},"schema":{"@context":"https:\/\/schema.org","@graph":[{"@type":"WebPage","@id":"https:\/\/frenchcounsel.com\/index.php\/serge-lewisch-attorney\/","url":"https:\/\/frenchcounsel.com\/index.php\/serge-lewisch-attorney\/","name":"Serge Lewisch, Attorney in Paris - Catherine Parker Law","isPartOf":{"@id":"https:\/\/frenchcounsel.com\/#website"},"datePublished":"2011-09-28T13:17:56+00:00","dateModified":"2022-05-06T19:26:07+00:00","description":"Serge Lewisch attorney correspondent in Paris Catherine Parker Law","breadcrumb":{"@id":"https:\/\/frenchcounsel.com\/index.php\/serge-lewisch-attorney\/#breadcrumb"},"inLanguage":"en-US","potentialAction":[{"@type":"ReadAction","target":["https:\/\/frenchcounsel.com\/index.php\/serge-lewisch-attorney\/"]}]},{"@type":"BreadcrumbList","@id":"https:\/\/frenchcounsel.com\/index.php\/serge-lewisch-attorney\/#breadcrumb","itemListElement":[{"@type":"ListItem","position":1,"name":"Home","item":"https:\/\/frenchcounsel.com\/"},{"@type":"ListItem","position":2,"name":"Serge Lewisch, Attorney in Paris"}]},{"@type":"WebSite","@id":"https:\/\/frenchcounsel.com\/#website","url":"https:\/\/frenchcounsel.com\/","name":"Catherine Parker Law","description":"LOS ANGELES - PARIS","publisher":{"@id":"https:\/\/frenchcounsel.com\/#organization"},"potentialAction":[{"@type":"SearchAction","target":{"@type":"EntryPoint","urlTemplate":"https:\/\/frenchcounsel.com\/?s={search_term_string}"},"query-input":"required name=search_term_string"}],"inLanguage":"en-US"},{"@type":"Organization","@id":"https:\/\/frenchcounsel.com\/#organization","name":"CATHERINE PARKER LAW","url":"https:\/\/frenchcounsel.com\/","logo":{"@type":"ImageObject","inLanguage":"en-US","@id":"https:\/\/frenchcounsel.com\/#\/schema\/logo\/image\/","url":"https:\/\/mlfivfpnfmdn.i.optimole.com\/w:auto\/h:auto\/q:mauto\/https:\/\/frenchcounsel.com\/wp-content\/uploads\/2018\/07\/image.png","contentUrl":"https:\/\/mlfivfpnfmdn.i.optimole.com\/w:auto\/h:auto\/q:mauto\/https:\/\/frenchcounsel.com\/wp-content\/uploads\/2018\/07\/image.png","width":32,"height":32,"caption":"CATHERINE PARKER LAW"},"image":{"@id":"https:\/\/frenchcounsel.com\/#\/schema\/logo\/image\/"},"sameAs":["https:\/\/www.linkedin.com\/in\/catherine-parker-a061a842\/"]}]}},"_links":{"self":[{"href":"https:\/\/frenchcounsel.com\/index.php\/wp-json\/wp\/v2\/pages\/96"}],"collection":[{"href":"https:\/\/frenchcounsel.com\/index.php\/wp-json\/wp\/v2\/pages"}],"about":[{"href":"https:\/\/frenchcounsel.com\/index.php\/wp-json\/wp\/v2\/types\/page"}],"author":[{"embeddable":true,"href":"https:\/\/frenchcounsel.com\/index.php\/wp-json\/wp\/v2\/users\/3"}],"replies":[{"embeddable":true,"href":"https:\/\/frenchcounsel.com\/index.php\/wp-json\/wp\/v2\/comments?post=96"}],"version-history":[{"count":71,"href":"https:\/\/frenchcounsel.com\/index.php\/wp-json\/wp\/v2\/pages\/96\/revisions"}],"predecessor-version":[{"id":2010,"href":"https:\/\/frenchcounsel.com\/index.php\/wp-json\/wp\/v2\/pages\/96\/revisions\/2010"}],"wp:featuredmedia":[{"embeddable":true,"href":"https:\/\/frenchcounsel.com\/index.php\/wp-json\/wp\/v2\/media\/965"}],"wp:attachment":[{"href":"https:\/\/frenchcounsel.com\/index.php\/wp-json\/wp\/v2\/media?parent=96"}],"curies":[{"name":"wp","href":"https:\/\/api.w.org\/{rel}","templated":true}]}}